{"id":1656,"date":"2017-05-08T11:38:16","date_gmt":"2017-05-08T15:38:16","guid":{"rendered":"https:\/\/cherry.cherrylemon.net\/?page_id=1656"},"modified":"2017-05-20T20:19:06","modified_gmt":"2017-05-21T00:19:06","slug":"guia-de-medidas","status":"publish","type":"page","link":"https:\/\/cherry.cherrylemon.net\/index.php\/guia-de-medidas\/","title":{"rendered":"Gu\u00eda de Medidas"},"content":{"rendered":"<h1>Gu\u00eda de tallas de tops de ba\u00f1o<\/h1>\n<table>\n<thead>\n<tr>\n<td width=\"69\"><strong>US<\/strong><\/td>\n<td width=\"85\"><strong>INT<\/strong><\/td>\n<td width=\"85\"><strong>Tallas alfanum\u00e9ricas<\/strong><\/td>\n<\/tr>\n<\/thead>\n<tbody>\n<tr>\n<td width=\"69\">30A<\/td>\n<td width=\"85\">65B<\/td>\n<td width=\"85\">XS<\/td>\n<\/tr>\n<tr>\n<td width=\"69\">30B<\/td>\n<td width=\"85\">65C<\/td>\n<td width=\"85\">XS<\/td>\n<\/tr>\n<tr>\n<td width=\"69\">32A<\/td>\n<td width=\"85\">70B<\/td>\n<td width=\"85\">XS<\/td>\n<\/tr>\n<tr>\n<td width=\"69\">32B<\/td>\n<td width=\"85\">70C<\/td>\n<td width=\"85\">XS<\/td>\n<\/tr>\n<tr>\n<td width=\"69\">32C<\/td>\n<td width=\"85\">70D<\/td>\n<td width=\"85\">S<\/td>\n<\/tr>\n<tr>\n<td width=\"69\">32D<\/td>\n<td width=\"85\">70DD<\/td>\n<td width=\"85\">S<\/td>\n<\/tr>\n<\/tbody>\n<\/table>\n<p>&nbsp;<\/p>\n<table width=\"239\">\n<tbody>\n<tr>\n<td width=\"69\">34A<\/td>\n<td width=\"83\">75B<\/td>\n<td width=\"87\">S<\/td>\n<\/tr>\n<tr>\n<td width=\"69\">34B<\/td>\n<td width=\"83\">75C<\/td>\n<td width=\"87\">S<\/td>\n<\/tr>\n<tr>\n<td width=\"69\">34C<\/td>\n<td width=\"83\">75D<\/td>\n<td width=\"87\">M<\/td>\n<\/tr>\n<tr>\n<td width=\"69\">34D<\/td>\n<td width=\"83\">75DD<\/td>\n<td width=\"87\">M<\/td>\n<\/tr>\n<tr>\n<td width=\"69\">36A<\/td>\n<td width=\"83\">80B<\/td>\n<td width=\"87\">M<\/td>\n<\/tr>\n<tr>\n<td width=\"69\">36B<\/td>\n<td width=\"83\">80C<\/td>\n<td width=\"87\">M<\/td>\n<\/tr>\n<tr>\n<td width=\"69\">36C<\/td>\n<td width=\"83\">80D<\/td>\n<td width=\"87\">L<\/td>\n<\/tr>\n<tr>\n<td width=\"69\">36D<\/td>\n<td width=\"83\">80DD<\/td>\n<td width=\"87\">L<\/td>\n<\/tr>\n<\/tbody>\n<\/table>\n<h1 class=\"x_MsoNormal\">Gu\u00eda de tallas de partes de abajo de ba\u00f1o<\/h1>\n<div>\n<table style=\"height: 225px;\" width=\"809\">\n<tbody>\n<tr>\n<td width=\"64\"><\/td>\n<td width=\"64\">xs<\/td>\n<td width=\"68\">xs<\/td>\n<td width=\"66\">S<\/td>\n<td width=\"66\">S<\/td>\n<td width=\"57\">M<\/td>\n<td width=\"66\">M<\/td>\n<td width=\"66\">L<\/td>\n<td width=\"76\">XL<\/td>\n<\/tr>\n<tr>\n<td width=\"64\"><strong>Cintura<\/strong><\/td>\n<td width=\"64\">61cm<\/p>\n<p>&nbsp;<\/td>\n<td width=\"68\">63.5cm<\/p>\n<p>&nbsp;<\/td>\n<td width=\"66\">66cm<\/p>\n<p>&nbsp;<\/td>\n<td width=\"66\">68.5cm<\/p>\n<p>&nbsp;<\/td>\n<td width=\"57\">71cm<\/p>\n<p>&nbsp;<\/td>\n<td width=\"66\">73.5cm<\/p>\n<p>&nbsp;<\/td>\n<td width=\"66\">77.5cm<\/p>\n<p>&nbsp;<\/td>\n<td width=\"76\">86.5cm<\/p>\n<p>&nbsp;<\/td>\n<\/tr>\n<tr>\n<td width=\"64\"><strong>\u00a0 \u00a0\u00a0<\/strong><strong>Cadera<\/strong><\/p>\n<p><strong>\u00a0<\/strong><\/td>\n<td width=\"64\">87cm<\/p>\n<p>&nbsp;<\/td>\n<td width=\"68\">90cm<\/p>\n<p>&nbsp;<\/td>\n<td width=\"66\">92.5m<\/p>\n<p>&nbsp;<\/td>\n<td width=\"66\">95cm<\/p>\n<p>&nbsp;<\/td>\n<td width=\"57\">98cm<\/p>\n<p>&nbsp;<\/td>\n<td width=\"66\">100cm<\/p>\n<p>&nbsp;<\/td>\n<td width=\"66\">104cm<\/p>\n<p>&nbsp;<\/td>\n<td width=\"76\">113cm<\/p>\n<p>&nbsp;<\/td>\n<\/tr>\n<\/tbody>\n<\/table>\n<p>&nbsp;<\/p>\n<\/div>\n","protected":false},"excerpt":{"rendered":"<p>Gu\u00eda de tallas de tops de ba\u00f1o US INT Tallas alfanum\u00e9ricas 30A 65B XS 30B 65C XS 32A 70B XS 32B 70C XS 32C 70D S 32D 70DD S &nbsp; 34A 75B S 34B 75C S 34C 75D M 34D 75DD M 36A 80B M 36B 80C M 36C 80D L 36D 80DD L Gu\u00eda [&hellip;]<\/p>\n<p class=\"post-read-more\"><a href=\"https:\/\/cherry.cherrylemon.net\/index.php\/guia-de-medidas\/\">Continue Reading&#8230;<\/a><\/p>\n","protected":false},"author":1,"featured_media":0,"parent":0,"menu_order":0,"comment_status":"closed","ping_status":"closed","template":"","meta":{"footnotes":""},"_links":{"self":[{"href":"https:\/\/cherry.cherrylemon.net\/index.php\/wp-json\/wp\/v2\/pages\/1656"}],"collection":[{"href":"https:\/\/cherry.cherrylemon.net\/index.php\/wp-json\/wp\/v2\/pages"}],"about":[{"href":"https:\/\/cherry.cherrylemon.net\/index.php\/wp-json\/wp\/v2\/types\/page"}],"author":[{"embeddable":true,"href":"https:\/\/cherry.cherrylemon.net\/index.php\/wp-json\/wp\/v2\/users\/1"}],"replies":[{"embeddable":true,"href":"https:\/\/cherry.cherrylemon.net\/index.php\/wp-json\/wp\/v2\/comments?post=1656"}],"version-history":[{"count":3,"href":"https:\/\/cherry.cherrylemon.net\/index.php\/wp-json\/wp\/v2\/pages\/1656\/revisions"}],"predecessor-version":[{"id":1659,"href":"https:\/\/cherry.cherrylemon.net\/index.php\/wp-json\/wp\/v2\/pages\/1656\/revisions\/1659"}],"wp:attachment":[{"href":"https:\/\/cherry.cherrylemon.net\/index.php\/wp-json\/wp\/v2\/media?parent=1656"}],"curies":[{"name":"wp","href":"https:\/\/api.w.org\/{rel}","templated":true}]}}